{"id":17,"date":"2025-02-28T13:14:19","date_gmt":"2025-02-28T13:14:19","guid":{"rendered":"https:\/\/www.bouncyrhythmclub.ch\/?page_id=17"},"modified":"2025-10-14T06:17:31","modified_gmt":"2025-10-14T06:17:31","slug":"agenda","status":"publish","type":"page","link":"https:\/\/www.bouncyrhythmclub.ch\/index.php\/agenda\/","title":{"rendered":"Agenda"},"content":{"rendered":"\n<h2 class=\"wp-block-heading has-text-align-center\">Die n\u00e4chsten Live Auftritte:<\/h2>\n\n\n\n<h2 class=\"wp-block-heading has-text-align-center has-vivid-red-color has-text-color has-link-color has-large-font-size wp-elements-73defdbf9a2eae693c0dc861ab7fa5fe\">18.10.2025<\/h2>\n\n\n\n<h2 class=\"wp-block-heading has-text-align-center has-medium-font-size\">Bananenreiferei<br>Z\u00fcrich<br>T\u00fcr 16-19 Uhr<\/h2>\n\n\n\n<p class=\"has-text-align-center\" style=\"font-size:20px\"><br><a href=\"http:\/\/www.teatimeswing.ch\">www.teatimeswing.ch<\/a><\/p>\n\n\n\n<h2 class=\"wp-block-heading has-text-align-center has-vivid-red-color has-text-color has-link-color has-large-font-size wp-elements-efb487c68e60f350ef021717f60858be\">22. 10. 2025<\/h2>\n\n\n\n<h2 class=\"wp-block-heading has-text-align-center has-medium-font-size\">Archbar<br>Winterthur<br>T\u00fcr 20.15-23.30<\/h2>\n\n\n\n<p class=\"has-text-align-center\" style=\"font-size:20px\"><a href=\"https:\/\/new.swingscouts.ch\/archiv\/jeden-mittwoch-bis-april-2022-swing-cocktail\"><strong>www.swingscouts.ch<\/strong><\/a><\/p>\n\n\n\n<p class=\"has-text-align-center\"><br><\/p>\n\n\n\n<p class=\"has-text-align-center\"><\/p>\n\n\n\n<h2 class=\"wp-block-heading has-text-align-center has-vivid-red-color has-text-color has-link-color has-large-font-size wp-elements-452c593b7f3abed37b8ef1e20d652fce\">30. 10. 2025<\/h2>\n\n\n\n<h2 class=\"wp-block-heading has-text-align-center has-medium-font-size\">alte Stuhlfabrik <br>Herisau <br>T\u00fcr 19:00 Uhr<\/h2>\n\n\n\n<p class=\"has-text-align-center\" style=\"font-size:20px\">www.stuhlfabrik-herisau.ch<\/p>\n\n\n\n<h2 class=\"wp-block-heading has-text-align-center has-vivid-red-color has-text-color has-link-color has-large-font-size wp-elements-5177962f3aa1506a749ba5dd3cc55f91\">11. 11. 2025<\/h2>\n\n\n\n<h2 class=\"wp-block-heading has-text-align-center has-medium-font-size\">el Boge<br>Z\u00fcrich<br>T\u00fcr 19:00 Uhr<\/h2>\n\n\n\n<p class=\"has-text-align-center\" style=\"font-size:20px\">www.swingdanceevents.ch<\/p>\n\n\n\n<p><\/p>\n\n\n\n<p class=\"has-text-align-center\"><\/p>\n\n\n\n<p><\/p>\n\n\n\n<div style=\"height:100px\" aria-hidden=\"true\" class=\"wp-block-spacer\"><\/div>\n\n\n\n<h1 class=\"wp-block-heading has-text-align-center has-large-font-size\">Archiv<\/h1>\n\n\n\n<div class=\"wp-block-group is-nowrap is-layout-flex wp-container-core-group-is-layout-ad2f72ca wp-block-group-is-layout-flex\">\n<p><a href=\"https:\/\/www.bouncyrhythmclub.ch\/wp-admin\/edit.php?post_type=page\"><\/a><\/p>\n\n\n\n<div style=\"height:53px;width:0px\" aria-hidden=\"true\" class=\"wp-block-spacer wp-container-content-391e2353\"><\/div>\n<\/div>\n\n\n\n<div class=\"wp-block-columns is-layout-flex wp-container-core-columns-is-layout-9d6595d7 wp-block-columns-is-layout-flex\">\n<div class=\"wp-block-column is-layout-flow wp-block-column-is-layout-flow\" style=\"flex-basis:33.34%\">\n<h1 class=\"wp-block-heading has-text-align-center has-vivid-red-color has-text-color has-link-color wp-elements-a0da5f5655cdab4d6852f8f4a5c5aa99\">17.05.2025<\/h1>\n\n\n\n<p class=\"has-text-align-center\">Privat<br>Herisau<br>Show ab 20:30<\/p>\n\n\n\n<h1 class=\"wp-block-heading has-text-align-center has-vivid-red-color has-text-color has-link-color wp-elements-4868969d9f0dfa490544345bbcb5d2e1\">11.03.2025<\/h1>\n\n\n\n<p class=\"has-text-align-center\">El Boge Swing (ZH)<br>Viaduktstrasse 67<br>Show ab 20:15<\/p>\n\n\n\n<p class=\"has-text-align-center\"><\/p>\n<\/div>\n\n\n\n<div class=\"wp-block-column is-layout-flow wp-block-column-is-layout-flow\" style=\"flex-basis:33.34%\">\n<h1 class=\"wp-block-heading has-text-align-center has-vivid-red-color has-text-color has-link-color wp-elements-27105c4935406e66b4f65f6d92e355c4\">30.04.2025<\/h1>\n\n\n\n<p class=\"has-text-align-center\">Apollo <br>Kreuzlingen <br>Show ab 20:30<\/p>\n\n\n\n<h1 class=\"wp-block-heading has-text-align-center has-vivid-red-color has-text-color has-link-color wp-elements-39b0ffe0b700f96666ce3d2cb2486ab6\">26.03.2025<\/h1>\n\n\n\n<p class=\"has-text-align-center\">Swingcocktail<br>Archbar<br>Show ab 20:30<\/p>\n<\/div>\n\n\n\n<div class=\"wp-block-column is-layout-flow wp-block-column-is-layout-flow\" style=\"flex-basis:33.33%\">\n<h1 class=\"wp-block-heading has-text-align-center has-vivid-red-color has-text-color has-link-color wp-elements-815c3efc6a50577e412e76bfbaa8cc17\">07.03.2025<\/h1>\n\n\n\n<p class=\"has-text-align-center\">R\u00fcmpeltum (SG)<br>Bachstrasse 36<br>Show ab 20:15<\/p>\n\n\n\n<h1 class=\"wp-block-heading has-text-align-center has-vivid-red-color has-text-color has-link-color wp-elements-46eb4e04ce8e3fef23960feeda659750\"><\/h1>\n\n\n\n<p><\/p>\n<\/div>\n<\/div>\n\n\n\n<div class=\"wp-block-columns is-layout-flex wp-container-core-columns-is-layout-9d6595d7 wp-block-columns-is-layout-flex\">\n<div class=\"wp-block-column is-layout-flow wp-block-column-is-layout-flow\" style=\"flex-basis:33.34%\"><\/div>\n\n\n\n<div class=\"wp-block-column is-layout-flow wp-block-column-is-layout-flow\" style=\"flex-basis:33.33%\"><\/div>\n<\/div>\n\n\n\n<div style=\"height:50px\" aria-hidden=\"true\" class=\"wp-block-spacer\"><\/div>\n\n\n\n<div style=\"height:50px\" aria-hidden=\"true\" class=\"wp-block-spacer\"><\/div>\n","protected":false},"excerpt":{"rendered":"<p>Die n\u00e4chsten Live Auftritte: 18.10.2025 BananenreifereiZ\u00fcrichT\u00fcr 16-19 Uhr www.teatimeswing.ch 22. 10. 2025 ArchbarWinterthurT\u00fcr 20.15-23.30 www.swingscouts.ch 30. 10. 2025 alte Stuhlfabrik Herisau T\u00fcr 19:00 Uhr www.stuhlfabrik-herisau.ch 11. 11. 2025 el BogeZ\u00fcrichT\u00fcr 19:00 Uhr www.swingdanceevents.ch Archiv 17.05.2025 PrivatHerisauShow ab 20:30 11.03.2025 El Boge Swing (ZH)Viaduktstrasse 67Show ab 20:15 30.04.2025 Apollo Kreuzlingen Show ab 20:30 26.03.2025 SwingcocktailArchbarShow ab [&hellip;]<\/p>\n","protected":false},"author":3,"featured_media":0,"parent":0,"menu_order":0,"comment_status":"closed","ping_status":"closed","template":"","meta":{"ocean_post_layout":"","ocean_both_sidebars_style":"","ocean_both_sidebars_content_width":0,"ocean_both_sidebars_sidebars_width":0,"ocean_sidebar":"","ocean_second_sidebar":"","ocean_disable_margins":"enable","ocean_add_body_class":"","ocean_shortcode_before_top_bar":"","ocean_shortcode_after_top_bar":"","ocean_shortcode_before_header":"","ocean_shortcode_after_header":"","ocean_has_shortcode":"","ocean_shortcode_after_title":"","ocean_shortcode_before_footer_widgets":"","ocean_shortcode_after_footer_widgets":"","ocean_shortcode_before_footer_bottom":"","ocean_shortcode_after_footer_bottom":"","ocean_display_top_bar":"default","ocean_display_header":"default","ocean_header_style":"","ocean_center_header_left_menu":"","ocean_custom_header_template":"","ocean_custom_logo":0,"ocean_custom_retina_logo":0,"ocean_custom_logo_max_width":0,"ocean_custom_logo_tablet_max_width":0,"ocean_custom_logo_mobile_max_width":0,"ocean_custom_logo_max_height":0,"ocean_custom_logo_tablet_max_height":0,"ocean_custom_logo_mobile_max_height":0,"ocean_header_custom_menu":"","ocean_menu_typo_font_family":"","ocean_menu_typo_font_subset":"","ocean_menu_typo_font_size":0,"ocean_menu_typo_font_size_tablet":0,"ocean_menu_typo_font_size_mobile":0,"ocean_menu_typo_font_size_unit":"px","ocean_menu_typo_font_weight":"","ocean_menu_typo_font_weight_tablet":"","ocean_menu_typo_font_weight_mobile":"","ocean_menu_typo_transform":"","ocean_menu_typo_transform_tablet":"","ocean_menu_typo_transform_mobile":"","ocean_menu_typo_line_height":0,"ocean_menu_typo_line_height_tablet":0,"ocean_menu_typo_line_height_mobile":0,"ocean_menu_typo_line_height_unit":"","ocean_menu_typo_spacing":0,"ocean_menu_typo_spacing_tablet":0,"ocean_menu_typo_spacing_mobile":0,"ocean_menu_typo_spacing_unit":"","ocean_menu_link_color":"","ocean_menu_link_color_hover":"","ocean_menu_link_color_active":"","ocean_menu_link_background":"","ocean_menu_link_hover_background":"","ocean_menu_link_active_background":"","ocean_menu_social_links_bg":"","ocean_menu_social_hover_links_bg":"","ocean_menu_social_links_color":"","ocean_menu_social_hover_links_color":"","ocean_disable_title":"default","ocean_disable_heading":"default","ocean_post_title":"","ocean_post_subheading":"","ocean_post_title_style":"","ocean_post_title_background_color":"","ocean_post_title_background":0,"ocean_post_title_bg_image_position":"","ocean_post_title_bg_image_attachment":"","ocean_post_title_bg_image_repeat":"","ocean_post_title_bg_image_size":"","ocean_post_title_height":0,"ocean_post_title_bg_overlay":0.5,"ocean_post_title_bg_overlay_color":"","ocean_disable_breadcrumbs":"default","ocean_breadcrumbs_color":"","ocean_breadcrumbs_separator_color":"","ocean_breadcrumbs_links_color":"","ocean_breadcrumbs_links_hover_color":"","ocean_display_footer_widgets":"default","ocean_display_footer_bottom":"default","ocean_custom_footer_template":"","footnotes":""},"class_list":["post-17","page","type-page","status-publish","hentry","entry"],"_links":{"self":[{"href":"https:\/\/www.bouncyrhythmclub.ch\/index.php\/wp-json\/wp\/v2\/pages\/17","targetHints":{"allow":["GET"]}}],"collection":[{"href":"https:\/\/www.bouncyrhythmclub.ch\/index.php\/wp-json\/wp\/v2\/pages"}],"about":[{"href":"https:\/\/www.bouncyrhythmclub.ch\/index.php\/wp-json\/wp\/v2\/types\/page"}],"author":[{"embeddable":true,"href":"https:\/\/www.bouncyrhythmclub.ch\/index.php\/wp-json\/wp\/v2\/users\/3"}],"replies":[{"embeddable":true,"href":"https:\/\/www.bouncyrhythmclub.ch\/index.php\/wp-json\/wp\/v2\/comments?post=17"}],"version-history":[{"count":20,"href":"https:\/\/www.bouncyrhythmclub.ch\/index.php\/wp-json\/wp\/v2\/pages\/17\/revisions"}],"predecessor-version":[{"id":118,"href":"https:\/\/www.bouncyrhythmclub.ch\/index.php\/wp-json\/wp\/v2\/pages\/17\/revisions\/118"}],"wp:attachment":[{"href":"https:\/\/www.bouncyrhythmclub.ch\/index.php\/wp-json\/wp\/v2\/media?parent=17"}],"curies":[{"name":"wp","href":"https:\/\/api.w.org\/{rel}","templated":true}]}}