{"id":12,"date":"2025-02-28T13:14:09","date_gmt":"2025-02-28T13:14:09","guid":{"rendered":"https:\/\/www.bouncyrhythmclub.ch\/?page_id=12"},"modified":"2025-03-06T10:05:45","modified_gmt":"2025-03-06T10:05:45","slug":"bio","status":"publish","type":"page","link":"https:\/\/www.bouncyrhythmclub.ch\/index.php\/bio\/","title":{"rendered":"Bio"},"content":{"rendered":"\n<h1 class=\"wp-block-heading alignwide has-text-align-center\" style=\"font-size:49px\"><strong>Bouncy Rhythm Club&nbsp;<\/strong><\/h1>\n\n\n\n<div class=\"wp-block-group is-nowrap is-layout-flex wp-container-core-group-is-layout-ad2f72ca wp-block-group-is-layout-flex\">\n<p class=\"has-text-align-center has-medium-font-size\">Eine Band die einen Blumenstrauss voller Spielfreude und Kreativit\u00e4t mitbringt um dem Publikum eine m\u00f6glichst grosse Freude zu machen.<\/p>\n<\/div>\n\n\n\n<div style=\"height:100px\" aria-hidden=\"true\" class=\"wp-block-spacer\"><\/div>\n\n\n\n<div class=\"wp-block-columns is-layout-flex wp-container-core-columns-is-layout-9d6595d7 wp-block-columns-is-layout-flex\">\n<div class=\"wp-block-column is-vertically-aligned-center is-layout-flow wp-block-column-is-layout-flow\" style=\"flex-basis:33.33%\"><div class=\"wp-block-image\">\n<figure class=\"aligncenter size-large\"><img loading=\"lazy\" decoding=\"async\" width=\"683\" height=\"1024\" src=\"https:\/\/www.bouncyrhythmclub.ch\/wp-content\/uploads\/2025\/02\/IMG_0121-2-683x1024.jpg\" alt=\"\" class=\"wp-image-22\" srcset=\"https:\/\/www.bouncyrhythmclub.ch\/wp-content\/uploads\/2025\/02\/IMG_0121-2-683x1024.jpg 683w, https:\/\/www.bouncyrhythmclub.ch\/wp-content\/uploads\/2025\/02\/IMG_0121-2-200x300.jpg 200w, https:\/\/www.bouncyrhythmclub.ch\/wp-content\/uploads\/2025\/02\/IMG_0121-2-768x1152.jpg 768w, https:\/\/www.bouncyrhythmclub.ch\/wp-content\/uploads\/2025\/02\/IMG_0121-2.jpg 879w\" sizes=\"auto, (max-width: 683px) 100vw, 683px\" \/><\/figure>\n<\/div><\/div>\n\n\n\n<div class=\"wp-block-column is-vertically-aligned-center is-layout-flow wp-block-column-is-layout-flow\" style=\"flex-basis:66.66%\">\n<h2 class=\"wp-block-heading has-large-font-size\"><strong>Andreas Dehner<\/strong><\/h2>\n\n\n\n<p class=\"has-medium-font-size\">Studiert Kontrabass ZHDK<\/p>\n\n\n\n<p class=\"has-medium-font-size\">Master Music Pedagogy &#8211; instrumentale\/vokale Musikp\u00e4dagogik &#8211; Jazz. Ein Fachmann f\u00fcr die grossen B\u00fchnen dieser Welt, mit viel Fingerspitzengef\u00fchl l\u00e4sst er uns in die tiefen des Bass Universum eintauchen.<\/p>\n\n\n\n<ul class=\"wp-block-social-links is-layout-flex wp-block-social-links-is-layout-flex\"><li class=\"wp-social-link wp-social-link-youtube  wp-block-social-link\"><a href=\"https:\/\/www.youtube.com\/c\/AndreasDehner\" class=\"wp-block-social-link-anchor\"><svg width=\"24\" height=\"24\" viewBox=\"0 0 24 24\" version=\"1.1\" xmlns=\"http:\/\/www.w3.org\/2000\/svg\" aria-hidden=\"true\" focusable=\"false\"><path d=\"M21.8,8.001c0,0-0.195-1.378-0.795-1.985c-0.76-0.797-1.613-0.801-2.004-0.847c-2.799-0.202-6.997-0.202-6.997-0.202 h-0.009c0,0-4.198,0-6.997,0.202C4.608,5.216,3.756,5.22,2.995,6.016C2.395,6.623,2.2,8.001,2.2,8.001S2,9.62,2,11.238v1.517 c0,1.618,0.2,3.237,0.2,3.237s0.195,1.378,0.795,1.985c0.761,0.797,1.76,0.771,2.205,0.855c1.6,0.153,6.8,0.201,6.8,0.201 s4.203-0.006,7.001-0.209c0.391-0.047,1.243-0.051,2.004-0.847c0.6-0.607,0.795-1.985,0.795-1.985s0.2-1.618,0.2-3.237v-1.517 C22,9.62,21.8,8.001,21.8,8.001z M9.935,14.594l-0.001-5.62l5.404,2.82L9.935,14.594z\"><\/path><\/svg><span class=\"wp-block-social-link-label screen-reader-text\">YouTube<\/span><\/a><\/li><\/ul>\n<\/div>\n<\/div>\n\n\n\n<div class=\"wp-block-columns is-layout-flex wp-container-core-columns-is-layout-9d6595d7 wp-block-columns-is-layout-flex\">\n<div class=\"wp-block-column is-vertically-aligned-center is-layout-flow wp-block-column-is-layout-flow\" style=\"flex-basis:66.66%\">\n<h2 class=\"wp-block-heading has-text-align-right has-large-font-size\"><strong>Elena Pavlova<\/strong><\/h2>\n\n\n\n<p class=\"has-text-align-right has-medium-font-size\">Ist Saxophonistin, sie spielt in nationalen- internationalen Formationen und Produktionen wie&nbsp;Alapar, Coniglio Connection, The Pavilion dance Orchestra u.v.m&nbsp;<\/p>\n\n\n\n<p class=\"has-text-align-right has-medium-font-size\">Eine Musikerin die es schafft innerhalb k\u00fcrzester Zeit alle Register der Klangwelt zu ziehen und uns mitzunehmen in eine Welt der bunten Farben.<\/p>\n<\/div>\n\n\n\n<div class=\"wp-block-column is-layout-flow wp-block-column-is-layout-flow\" style=\"flex-basis:33.33%\">\n<figure class=\"wp-block-image size-large\"><img loading=\"lazy\" decoding=\"async\" width=\"1919\" height=\"2560\" src=\"https:\/\/www.bouncyrhythmclub.ch\/wp-content\/uploads\/2025\/02\/IMG_0123-2-edited-scaled.jpg\" alt=\"\" class=\"wp-image-25\" srcset=\"https:\/\/www.bouncyrhythmclub.ch\/wp-content\/uploads\/2025\/02\/IMG_0123-2-edited-scaled.jpg 1919w, https:\/\/www.bouncyrhythmclub.ch\/wp-content\/uploads\/2025\/02\/IMG_0123-2-edited-225x300.jpg 225w, https:\/\/www.bouncyrhythmclub.ch\/wp-content\/uploads\/2025\/02\/IMG_0123-2-edited-768x1024.jpg 768w, https:\/\/www.bouncyrhythmclub.ch\/wp-content\/uploads\/2025\/02\/IMG_0123-2-edited-1152x1536.jpg 1152w, https:\/\/www.bouncyrhythmclub.ch\/wp-content\/uploads\/2025\/02\/IMG_0123-2-edited-1535x2048.jpg 1535w\" sizes=\"auto, (max-width: 1919px) 100vw, 1919px\" \/><\/figure>\n<\/div>\n<\/div>\n\n\n\n<div style=\"height:22px\" aria-hidden=\"true\" class=\"wp-block-spacer\"><\/div>\n\n\n\n<div class=\"wp-block-columns is-layout-flex wp-container-core-columns-is-layout-9d6595d7 wp-block-columns-is-layout-flex\">\n<div class=\"wp-block-column is-layout-flow wp-block-column-is-layout-flow\" style=\"flex-basis:33.33%\">\n<figure class=\"wp-block-image size-large\"><img loading=\"lazy\" decoding=\"async\" width=\"576\" height=\"1024\" src=\"https:\/\/www.bouncyrhythmclub.ch\/wp-content\/uploads\/2025\/02\/IMG_0125-2-2-576x1024.jpg\" alt=\"\" class=\"wp-image-24\" srcset=\"https:\/\/www.bouncyrhythmclub.ch\/wp-content\/uploads\/2025\/02\/IMG_0125-2-2-576x1024.jpg 576w, https:\/\/www.bouncyrhythmclub.ch\/wp-content\/uploads\/2025\/02\/IMG_0125-2-2-169x300.jpg 169w, https:\/\/www.bouncyrhythmclub.ch\/wp-content\/uploads\/2025\/02\/IMG_0125-2-2-768x1366.jpg 768w, https:\/\/www.bouncyrhythmclub.ch\/wp-content\/uploads\/2025\/02\/IMG_0125-2-2-864x1536.jpg 864w, https:\/\/www.bouncyrhythmclub.ch\/wp-content\/uploads\/2025\/02\/IMG_0125-2-2-1151x2048.jpg 1151w, https:\/\/www.bouncyrhythmclub.ch\/wp-content\/uploads\/2025\/02\/IMG_0125-2-2-scaled.jpg 1439w\" sizes=\"auto, (max-width: 576px) 100vw, 576px\" \/><\/figure>\n<\/div>\n\n\n\n<div class=\"wp-block-column is-vertically-aligned-center is-layout-flow wp-block-column-is-layout-flow\" style=\"flex-basis:66.66%\">\n<h1 class=\"wp-block-heading has-large-font-size\"><strong><a href=\"https:\/\/www.javierleutenegger.ch\/\" data-type=\"link\" data-id=\"https:\/\/www.javierleutenegger.ch\/\" target=\"_blank\" rel=\"noreferrer noopener\">Javier Marc Leutenegger\u00a0<\/a><\/strong><\/h1>\n\n\n\n<p class=\"has-medium-font-size\">ist ein Schweizer Jazzpianist. Er interpretiert bekannte Jazz-Standards und Eigenkompositionen mit viel Swing und Groove. Dabei l\u00e4sst er sich von Gr\u00f6\u00dfen wie Frank Sinatra, Count Basie oder Errol Garner beeinflussen. Die Hauptelemente seines Spiels sind der rollende Rhythmus des Swings, die springende auf und ab Bewegung des Stride-Pianos und einfache, coole Melodien, die zum Mitsingen anregen.<\/p>\n<\/div>\n<\/div>\n\n\n\n<div class=\"wp-block-columns is-layout-flex wp-container-core-columns-is-layout-9d6595d7 wp-block-columns-is-layout-flex\">\n<div class=\"wp-block-column is-vertically-aligned-center is-layout-flow wp-block-column-is-layout-flow\" style=\"flex-basis:66.66%\">\n<h2 class=\"wp-block-heading has-text-align-right has-large-font-size\"><strong><a href=\"https:\/\/www.coniglioconnection.ch\/\">Rico Fischbacher<\/a><\/strong><\/h2>\n\n\n\n<p class=\"has-text-align-right has-medium-font-size\">Ist Schlagzeuger und leidenschaftlicher Lindy Hop T\u00e4nzer.<\/p>\n\n\n\n<p class=\"has-text-align-right has-medium-font-size\">Mit Bouncy Rhythm Club gr\u00fcndet er eine Band die jeden Lindy Hop Event zu einem&nbsp;Ereignis der superlative macht.<\/p>\n<\/div>\n\n\n\n<div class=\"wp-block-column is-layout-flow wp-block-column-is-layout-flow\" style=\"flex-basis:33.33%\">\n<figure class=\"wp-block-image size-large\"><img loading=\"lazy\" decoding=\"async\" width=\"1921\" height=\"2560\" src=\"https:\/\/www.bouncyrhythmclub.ch\/wp-content\/uploads\/2025\/02\/IMG_0127-2-edited-scaled.jpg\" alt=\"\" class=\"wp-image-27\" srcset=\"https:\/\/www.bouncyrhythmclub.ch\/wp-content\/uploads\/2025\/02\/IMG_0127-2-edited-scaled.jpg 1921w, https:\/\/www.bouncyrhythmclub.ch\/wp-content\/uploads\/2025\/02\/IMG_0127-2-edited-225x300.jpg 225w, https:\/\/www.bouncyrhythmclub.ch\/wp-content\/uploads\/2025\/02\/IMG_0127-2-edited-769x1024.jpg 769w, https:\/\/www.bouncyrhythmclub.ch\/wp-content\/uploads\/2025\/02\/IMG_0127-2-edited-768x1023.jpg 768w, https:\/\/www.bouncyrhythmclub.ch\/wp-content\/uploads\/2025\/02\/IMG_0127-2-edited-1153x1536.jpg 1153w, https:\/\/www.bouncyrhythmclub.ch\/wp-content\/uploads\/2025\/02\/IMG_0127-2-edited-1537x2048.jpg 1537w\" sizes=\"auto, (max-width: 1921px) 100vw, 1921px\" \/><\/figure>\n<\/div>\n<\/div>\n","protected":false},"excerpt":{"rendered":"<p>Bouncy Rhythm Club&nbsp; Eine Band die einen Blumenstrauss voller Spielfreude und Kreativit\u00e4t mitbringt um dem Publikum eine m\u00f6glichst grosse Freude zu machen. Andreas Dehner Studiert Kontrabass ZHDK Master Music Pedagogy &#8211; instrumentale\/vokale Musikp\u00e4dagogik &#8211; Jazz. Ein Fachmann f\u00fcr die grossen B\u00fchnen dieser Welt, mit viel Fingerspitzengef\u00fchl l\u00e4sst er uns in die tiefen des Bass Universum [&hellip;]<\/p>\n","protected":false},"author":3,"featured_media":0,"parent":0,"menu_order":0,"comment_status":"closed","ping_status":"closed","template":"","meta":{"ocean_post_layout":"","ocean_both_sidebars_style":"","ocean_both_sidebars_content_width":0,"ocean_both_sidebars_sidebars_width":0,"ocean_sidebar":"","ocean_second_sidebar":"","ocean_disable_margins":"enable","ocean_add_body_class":"","ocean_shortcode_before_top_bar":"","ocean_shortcode_after_top_bar":"","ocean_shortcode_before_header":"","ocean_shortcode_after_header":"","ocean_has_shortcode":"","ocean_shortcode_after_title":"","ocean_shortcode_before_footer_widgets":"","ocean_shortcode_after_footer_widgets":"","ocean_shortcode_before_footer_bottom":"","ocean_shortcode_after_footer_bottom":"","ocean_display_top_bar":"default","ocean_display_header":"default","ocean_header_style":"","ocean_center_header_left_menu":"","ocean_custom_header_template":"","ocean_custom_logo":0,"ocean_custom_retina_logo":0,"ocean_custom_logo_max_width":0,"ocean_custom_logo_tablet_max_width":0,"ocean_custom_logo_mobile_max_width":0,"ocean_custom_logo_max_height":0,"ocean_custom_logo_tablet_max_height":0,"ocean_custom_logo_mobile_max_height":0,"ocean_header_custom_menu":"","ocean_menu_typo_font_family":"","ocean_menu_typo_font_subset":"","ocean_menu_typo_font_size":0,"ocean_menu_typo_font_size_tablet":0,"ocean_menu_typo_font_size_mobile":0,"ocean_menu_typo_font_size_unit":"px","ocean_menu_typo_font_weight":"","ocean_menu_typo_font_weight_tablet":"","ocean_menu_typo_font_weight_mobile":"","ocean_menu_typo_transform":"","ocean_menu_typo_transform_tablet":"","ocean_menu_typo_transform_mobile":"","ocean_menu_typo_line_height":0,"ocean_menu_typo_line_height_tablet":0,"ocean_menu_typo_line_height_mobile":0,"ocean_menu_typo_line_height_unit":"","ocean_menu_typo_spacing":0,"ocean_menu_typo_spacing_tablet":0,"ocean_menu_typo_spacing_mobile":0,"ocean_menu_typo_spacing_unit":"","ocean_menu_link_color":"","ocean_menu_link_color_hover":"","ocean_menu_link_color_active":"","ocean_menu_link_background":"","ocean_menu_link_hover_background":"","ocean_menu_link_active_background":"","ocean_menu_social_links_bg":"","ocean_menu_social_hover_links_bg":"","ocean_menu_social_links_color":"","ocean_menu_social_hover_links_color":"","ocean_disable_title":"default","ocean_disable_heading":"default","ocean_post_title":"","ocean_post_subheading":"","ocean_post_title_style":"","ocean_post_title_background_color":"","ocean_post_title_background":0,"ocean_post_title_bg_image_position":"","ocean_post_title_bg_image_attachment":"","ocean_post_title_bg_image_repeat":"","ocean_post_title_bg_image_size":"","ocean_post_title_height":0,"ocean_post_title_bg_overlay":0.5,"ocean_post_title_bg_overlay_color":"","ocean_disable_breadcrumbs":"default","ocean_breadcrumbs_color":"","ocean_breadcrumbs_separator_color":"","ocean_breadcrumbs_links_color":"","ocean_breadcrumbs_links_hover_color":"","ocean_display_footer_widgets":"default","ocean_display_footer_bottom":"default","ocean_custom_footer_template":"","footnotes":""},"class_list":["post-12","page","type-page","status-publish","hentry","entry"],"_links":{"self":[{"href":"https:\/\/www.bouncyrhythmclub.ch\/index.php\/wp-json\/wp\/v2\/pages\/12","targetHints":{"allow":["GET"]}}],"collection":[{"href":"https:\/\/www.bouncyrhythmclub.ch\/index.php\/wp-json\/wp\/v2\/pages"}],"about":[{"href":"https:\/\/www.bouncyrhythmclub.ch\/index.php\/wp-json\/wp\/v2\/types\/page"}],"author":[{"embeddable":true,"href":"https:\/\/www.bouncyrhythmclub.ch\/index.php\/wp-json\/wp\/v2\/users\/3"}],"replies":[{"embeddable":true,"href":"https:\/\/www.bouncyrhythmclub.ch\/index.php\/wp-json\/wp\/v2\/comments?post=12"}],"version-history":[{"count":9,"href":"https:\/\/www.bouncyrhythmclub.ch\/index.php\/wp-json\/wp\/v2\/pages\/12\/revisions"}],"predecessor-version":[{"id":54,"href":"https:\/\/www.bouncyrhythmclub.ch\/index.php\/wp-json\/wp\/v2\/pages\/12\/revisions\/54"}],"wp:attachment":[{"href":"https:\/\/www.bouncyrhythmclub.ch\/index.php\/wp-json\/wp\/v2\/media?parent=12"}],"curies":[{"name":"wp","href":"https:\/\/api.w.org\/{rel}","templated":true}]}}